{"id":7,"date":"2023-02-23T14:53:04","date_gmt":"2023-02-23T14:53:04","guid":{"rendered":"https:\/\/vinver.is\/?page_id=7"},"modified":"2023-02-23T14:53:04","modified_gmt":"2023-02-23T14:53:04","slug":"7-2","status":"publish","type":"page","link":"https:\/\/vinver.is\/","title":{"rendered":""},"content":{"rendered":"\n<p><\/p>\n\n\n\n<p class=\"has-text-align-center\"><strong>Vegna \u00f3vi\u00f0r\u00e1\u00f0anlegra orsaka er vefurinn okkar ekki a\u00f0gengilegur<\/strong><\/p>\n","protected":false},"excerpt":{"rendered":"<p>Vegna \u00f3vi\u00f0r\u00e1\u00f0anlegra orsaka er vefurinn okkar ekki a\u00f0gengilegur<\/p>\n","protected":false},"author":1,"featured_media":0,"parent":0,"menu_order":0,"comment_status":"closed","ping_status":"closed","template":"","meta":{"footnotes":""},"class_list":["post-7","page","type-page","status-publish","hentry","entry"],"_links":{"self":[{"href":"https:\/\/vinver.is\/index.php\/wp-json\/wp\/v2\/pages\/7","targetHints":{"allow":["GET"]}}],"collection":[{"href":"https:\/\/vinver.is\/index.php\/wp-json\/wp\/v2\/pages"}],"about":[{"href":"https:\/\/vinver.is\/index.php\/wp-json\/wp\/v2\/types\/page"}],"author":[{"embeddable":true,"href":"https:\/\/vinver.is\/index.php\/wp-json\/wp\/v2\/users\/1"}],"replies":[{"embeddable":true,"href":"https:\/\/vinver.is\/index.php\/wp-json\/wp\/v2\/comments?post=7"}],"version-history":[{"count":1,"href":"https:\/\/vinver.is\/index.php\/wp-json\/wp\/v2\/pages\/7\/revisions"}],"predecessor-version":[{"id":9,"href":"https:\/\/vinver.is\/index.php\/wp-json\/wp\/v2\/pages\/7\/revisions\/9"}],"wp:attachment":[{"href":"https:\/\/vinver.is\/index.php\/wp-json\/wp\/v2\/media?parent=7"}],"curies":[{"name":"wp","href":"https:\/\/api.w.org\/{rel}","templated":true}]}}